{"id":5,"date":"2023-03-14T14:10:31","date_gmt":"2023-03-14T13:10:31","guid":{"rendered":"http:\/\/colabstars.com\/index.php\/materialis\/"},"modified":"2025-01-29T17:51:56","modified_gmt":"2025-01-29T16:51:56","slug":"materialis","status":"publish","type":"page","link":"https:\/\/colabstars.com\/","title":{"rendered":"Front Page"},"content":{"rendered":"<!-- wp:extendstudio\/materialis--><div  id=\"about-6\" style=\"background-color: #f5fafd;\" data-label=\"About\" data-id=\"about-4\" data-export-id=\"about-4\" data-category=\"about\" class=\"about-4 content-section content-section-spacing-large\"><div  class=\"gridContainer\"> <div  class=\"row middle-sm text-center\"><div  class=\"col-sm-5 space-bottom-xs\" data-type=\"column\"> <h5  class=\"\">L\u2019exp\u00e9rience Colab Stars<\/h5> <h2  class=\"\">Nos mots clefs :<br ><span  style=\"font-weight: 700;\">agilit\u00e9 et innovation<\/span><br >&nbsp;tout est dit !<span  id=\"_mce_caret\" data-mce-bogus=\"1\" data-mce-type=\"format-caret\"><span  style=\"font-weight: 700;\">\ufeff<\/span><\/span><\/h2> <p  class=\"\" style=\"text-align: justify;\">Oubliez les formations o\u00f9 bailler et regarder l\u2019heure sont les deux choses qui remplissent la journ\u00e9e. Colab Stars vous plonge au coeur d\u2019une startup en d\u00e9velopement pendant 1 ou 2 semaines. Vous devenez une partie du moteur de l\u2019\u00e9quipe et retrouvez les frissons d\u2019un entrepreneur.&nbsp;&nbsp;<\/p> <\/div> <div  class=\"col-sm-7 flexbox center-xs middle-xs image-group-2-img padding-top-bottom\"> <img  decoding=\"async\" class=\"img-1 rounded mdc-elevation--z10\" data-size=\"250x200\" src=\"http:\/\/colabstars.com\/wp-content\/uploads\/2023\/03\/cropped-pexels-photo-546819.webp\"> <img  decoding=\"async\" class=\"img-2 rounded mdc-elevation--z10\" data-size=\"220x170\" src=\"http:\/\/colabstars.com\/wp-content\/uploads\/2023\/03\/cropped-mBsX3eSwQpesMT7mtsCezX.jpeg\"><\/div> <\/div><\/div> <\/div><!-- \/wp:extendstudio\/materialis--><!-- wp:extendstudio\/materialis--><div  data-label=\"Features\" data-id=\"features--3\" data-export-id=\"features-16-materialis\" data-category=\"features\" class=\"features-16m content-section content-section-spacing-large\" id=\"features-3\" style=\"background-color: rgb(255, 255, 255); background-image: none;\"><div  class=\"gridContainer\"> <div  class=\"row\"><div  class=\"section-title-col\" data-type=\"column\"> <h2  class=\"\">Comment \u00e7a marche ?<\/h2> <p  class=\"\">Vous nous faites part de vos pr\u00e9f\u00e9rences : mode, tech, \u00e9cologie, sant\u00e9 \u2026 on s\u2019occupe de vous trouver la startup dans laquelle vous ferez votre formation en immersion.<\/p><\/div> <\/div> <div  class=\"row top-xs space-top number-containers content-center-sm\" data-type=\"row\"> <div  class=\"col-md-3 col-sm-6 col-xs-12 space-bottom space-top-xs\"> <div  class=\"number-container space-bottom\" data-fixed=\"true\"> <div  class=\"link-line left\"><\/div> <p  class=\"border-color1-small number\">1<\/p> <div  class=\"link-line right\"><\/div> <\/div> <div  class=\"content-box\" data-type=\"column\"> <h5  class=\"\">On \u00e9change<\/h5> <p  class=\"\" style=\"text-align: justify;\">Parlez nous de vous, de votre entreprise, de vos besoins en terme de comp\u00e9tences et d\u2019objectifs<\/p><\/div> <\/div> <div  class=\"col-md-3 col-sm-6 col-xs-12 space-bottom space-top-xs\"> <div  class=\"number-container space-bottom\" data-fixed=\"true\"> <div  class=\"link-line left\"><\/div> <p  class=\"border-color1-small number\">2<\/p> <div  class=\"link-line right\"><\/div> <\/div> <div  class=\"content-box\" data-type=\"column\"> <h5  class=\"\">On trouve la startup<\/h5> <p  class=\"\" style=\"text-align: justify;\">Nous avons plus de 800 startups en France et \u00e0 l\u2019\u00e9tranger pr\u00eatent \u00e0 vous accueillir. On fait le matching !<\/p><\/div> <\/div> <div  class=\"col-md-3 col-sm-6 col-xs-12 space-bottom space-top-xs\"> <div  class=\"number-container space-bottom\" data-fixed=\"true\"> <div  class=\"link-line left\"><\/div> <p  class=\"border-color1-small number\">3<\/p> <div  class=\"link-line right\"><\/div> <\/div> <div  class=\"content-box\" data-type=\"column\"> <h5  class=\"\">Compte formation<\/h5> <p  class=\"\" style=\"text-align: justify;\">On pr\u00e9pare un contrat \u00e9ligible \u00e0 un financement sous forme de formation professionnelle : AFEST<\/p><\/div> <\/div> <div  class=\"col-md-3 col-sm-6 col-xs-12 space-bottom space-top-xs\"> <div  class=\"number-container space-bottom\" data-fixed=\"true\"> <div  class=\"link-line left\"><\/div> <p  class=\"border-color1-small number\">4<\/p> <div  class=\"link-line right\"><\/div> <\/div> <div  class=\"content-box\" data-type=\"column\"> <h5  class=\"\">C\u2019est parti<\/h5> <p  class=\"\" style=\"text-align: justify;\">On s\u2019accorde sur des dates qui vous conviennent et vous int\u00e9grez la startup qui vous attend. On reste derri\u00e8re pour vous suivre !<\/p><\/div> <\/div><\/div> <\/div><\/div><!-- \/wp:extendstudio\/materialis--><!-- wp:extendstudio\/materialis--><div  data-label=\"Features\" data-id=\"features--1\" data-export-id=\"features-16\" data-category=\"features\" class=\"features-16 content-section content-section-spacing-large\" id=\"features-1\" style=\"background-color: rgb(245, 250, 253);\"><div  class=\"gridContainer\"> <div  class=\"row text-center\"><div  class=\"section-title-col\" data-type=\"column\"> <h2  class=\"\">Les b\u00e9n\u00e9fices de notre formation<\/h2> <p  class=\"lead\" style=\"text-align: justify;\">Notre exp\u00e9rience professionnelle nous a permi de naviguer au sein de startups mais aussi dans des structures plus grandes. Les deux mondes sont oppos\u00e9s mais s\u2019enrichissent l\u2019un l\u2019autre. Comme on dit souvent : \u00ab&nbsp;si jeunesse savait, si veillesse pouvait&nbsp;\u00bb !&nbsp; Savoir entreprendre et avoir le go\u00fbt d\u2019innover est clef pour une entreprise, quel que soit sa taille. Aussi chaque partie prenante de nos formations s\u2019enrichie :<\/p><\/div> <\/div> <div  class=\"row spaced-cols\" data-type=\"row\"> <div  class=\"col-xs-12 col-sm-6 col-md-4 space-bottom\"> <img  decoding=\"async\" class=\"face mdc-elevation--z3\" src=\"http:\/\/colabstars.com\/wp-content\/uploads\/2023\/03\/cropped-cropped-Centre-de-coworking-5-bonnes-raisons-dy-demarrer-votre-startup.jpeg\"> <div  data-type=\"column\" class=\"col-padding-small col-padding-small-xs description-container\"> <h4  class=\"font-500\" style=\"text-align: center;\">Pour les RH<\/h4> <p  class=\"\" style=\"text-align: justify;\">Vos collaborateurs sont les acteurs du changement. Redynamiser vos \u00e9quipes en&nbsp; d\u00e9cuplant leur cr\u00e9ativit\u00e9 et leur \u00e9nergie. Donnez leur une chance de d\u00e9couvrir les outils pour la conduite du changement.<\/p> <\/div> <\/div> <div  class=\"col-xs-12 col-sm-6 col-md-4 space-bottom\"> <img  decoding=\"async\" class=\"face mdc-elevation--z3\" src=\"http:\/\/colabstars.com\/wp-content\/uploads\/2023\/03\/cropped-cropped-pexels-photo-6804073.jpeg\"> <div  data-type=\"column\" class=\"col-padding-small col-padding-small-xs description-container\"> <h4  class=\"font-500\" style=\"text-align: center;\">Pour les cadres<\/h4> <p  class=\"\" style=\"text-align: justify;\">D\u00e9velopper leur savoir-faire en vivant une exp\u00e9rience terrain singuli\u00e8re.&nbsp;Revenir inspir\u00e9, arm\u00e9 et force de proposition. Vous pourrez mettre en place un plan d\u2019action de conduite du changement.<\/p> <\/div> <\/div> <div  class=\"col-xs-12 col-sm-6 col-md-4 space-bottom\"> <img  decoding=\"async\" class=\"face mdc-elevation--z3\" src=\"http:\/\/colabstars.com\/wp-content\/uploads\/2023\/03\/cropped-pexels-photo-1072824.webp\"> <div  data-type=\"column\" class=\"col-padding-small col-padding-small-xs description-container\"> <h4  class=\"font-500\" style=\"text-align: center;\">Pour l\u2019entreprise<\/h4> <p  class=\"\" style=\"text-align: justify;\">Toute entreprise doit savoir se transformer pour s\u2019adapter \u00e0 un environnement nouveau et rester attractive. Donnez vous la chance de former vos \u00e9quipes pour impulser la conduite d\u2019un changement agile par vos propres collaborateurs<\/p> <\/div> <\/div><\/div> <\/div><\/div><!-- \/wp:extendstudio\/materialis--><!-- CloudPress Companion Preview Data START --><!-- wp:extendstudio\/materialis--><div  id=\"content-24\" style=\"background-color: rgb(255, 255, 255); background-image: none;\" data-label=\"Content\" data-id=\"content-7-materialis\" data-export-id=\"content-7-materialis\" data-category=\"content\" class=\"content-7m content-section-spacing-large content-section\"><div  class=\"gridContainer\"> <div  class=\"row middle-sm\"><div  class=\"col-md-6 col-xs-12 col-sm-6 col-padding-small-xs\"> <img  decoding=\"async\" class=\"mdc-elevation--z13 img-rounded\" src=\"http:\/\/colabstars.com\/wp-content\/uploads\/2023\/03\/cropped-startup-photos-1.webp\"><\/div> <div  class=\"col-md-5 col-md-offset-1 col-xs-12 col-sm-6 content-left-sm col-padding-small-xs\" data-type=\"column\"><h6  class=\"upper\">ELIGIBILITE<\/h6> <h3  class=\"space-bottom\">Tout savoir sur le financement de nos formations&nbsp;<\/h3> <p  class=\"space-top\" style=\"text-align: justify;\">Le financement de la formation professionnelle peut venir de diff\u00e9rents dispositifs l\u00e9gaux : CPF, OPCO, CTP, AFC, PRO A etc\u2026 Nous tentons de vous exliquer sur une page dedi\u00e9e.<\/p> <a  href=\"https:\/\/colabstars.com\/index.php\/financer-vote-formation\" class=\"button read-more link color1 space-top negative-margin mdc-ripple-upgraded\" target=\"_self\" data-cp-link=\"1\" rel=\"noopener\">En savoir plus<i  class=\"mdi mdi-arrow-right-thick read-more-icon\"><\/i><\/a><\/div> <\/div><\/div> <\/div><!-- \/wp:extendstudio\/materialis--><!-- wp:extendstudio\/materialis--><div  id=\"team-7\" style=\"background-color: rgb(245, 250, 253); background-image: none;\" data-label=\"Team\" data-id=\"team-8-materialis\" data-export-id=\"team-8-materialis\" data-category=\"team\" class=\"team-8m content-section content-section-spacing-large\"><div  class=\"gridContainer\"> <div  class=\"row space-bottom\"><div  class=\"section-title-col\" data-type=\"column\"> <h2  class=\"\">Qui sommes nous ?<\/h2> <p  class=\"lead\" style=\"text-align: justify;\">Colab Stars a \u00e9t\u00e9 lanc\u00e9 par Thomas Revest, un entrepreneur qui a d\u00e9j\u00e0 lanc\u00e9 plusieurs Startups jusqu\u2019\u00e0 leur revente ou rentr\u00e9e en bourse. Pr\u00e9sident d\u2019un fonds d\u2019investissement, Thomas est&nbsp; &nbsp;convaincu que les startups innovantes vivent le meilleur de leur exp\u00e9rience les premi\u00e8res ann\u00e9es.&nbsp;&nbsp;Il y a 70 ans, la dur\u00e9e des comp\u00e9tences \u00e9tait de 38 ans. Aujourd\u2019hui, la dur\u00e9e des comp\u00e9tences est de 2 ans. Nous avons chang\u00e9 de paradigme !&nbsp;<\/p><\/div> <\/div> <div  class=\"row spaced-cols content-left-sm\" data-type=\"row\" data-max-items=\"4\"> <div  class=\"col-xs-12 col-sm-12 col-md-6\"> <div  class=\"row\"> <div  class=\"col-xs-12 col-sm-6 col-md-6\"> <div  class=\"card mdc-elevation--z3 no-radius image-holder\" data-fixed=\"true\"> <img  decoding=\"async\" class=\"face no-margin-bottom\" src=\"http:\/\/colabstars.com\/wp-content\/uploads\/2023\/03\/cropped-ea7d063301963e652a619518c7f87521.jpeg\"><\/div> <\/div> <div  class=\"col-xs-12 col-sm-6 col-md-6 right-col\"> <div  data-type=\"column\" class=\"description-container use-section-text-color\"> <h4  class=\"no-margin-bottom\">Thomas REVEST<\/h4> <p  class=\"font-300\">Directeur<\/p> <p  class=\"\">Dilpom\u00e9 @HEC\n<br >\nVC @Revest Corporation funds\n<br >\nLaunch @Groupon FR<br >Launch @Novatopo\n<br >Conferencier @Grandes Ecoles<\/p> <div  class=\"social-icons-group col-no-padding\" data-type=\"group\"> <a  href=\"https:\/\/www.linkedin.com\/in\/thomas-revest-0b83182\" target=\"_blank\" rel=\"noopener\" class=\"\"><i  class=\"mdi social-icon mdi-linkedin-box color1\"><\/i><\/a> <a  href=\"#\" target=\"_blank\" data-reiki-hidden=\"true\" rel=\"noopener\"><i  class=\"mdi social-icon mdi-twitter color-gray\"><\/i><\/a> <a  href=\"https:\/\/www.instagram.com\/thomas_omer?hl=en\" target=\"_self\" rel=\"noopener\" class=\"\"><i  class=\"mdi social-icon mdi-instagram color2\"><\/i><\/a> <a  href=\"#\" target=\"_self\" data-reiki-hidden=\"true\" rel=\"noopener\"><i  class=\"mdi social-icon mdi-rss color-gray\"><\/i><\/a><\/div> <\/div><\/div> <\/div><\/div>    <\/div><\/div> <\/div><!-- \/wp:extendstudio\/materialis--><!-- wp:extendstudio\/materialis--><div  id=\"contact-1\" data-label=\"Contact\" data-id=\"contact-1\" data-export-id=\"contact-1\" data-category=\"contact\" class=\"contact-1 content-section content-section-spacing-large content-relative white-text\" data-parallax-depth=\"20\" style=\"background-image: url(&quot;http:\/\/colabstars.com\/wp-content\/uploads\/2023\/03\/clever-san-francisco-office-4.jpeg&quot;); background-size: cover; background-position: center top;\"><div  class=\"gridContainer\"> <div  class=\"row text-center\"><div  class=\"section-title-col\" data-type=\"column\"> <h2  class=\"\">Nous contacter<\/h2> <p  class=\"lead\">Vous avez des questions ? Nous tenterons d\u2019y reprondre au plus vite .<\/p><\/div> <\/div> <div  class=\"row text-center\"> <div  class=\"col-xs-12 col-sm-8 col-sm-offset-2 contact-form-wrapper inline-info\"> <div  class=\"card mdc-elevation--z3 col-padding-top\"> <div  class=\"dark-text\" data-content-shortcode=\"materialis_contact_form shortcode=&quot;contact-form-7 id=&amp;amp;quot;52&amp;amp;quot; title=&amp;amp;quot;Formulaire de contact 1&amp;amp;quot;&quot;\" data-editable=\"true\">\n<div class=\"wpcf7 no-js\" id=\"wpcf7-f52-o1\" lang=\"fr-FR\" dir=\"ltr\" data-wpcf7-id=\"52\">\n<div class=\"screen-reader-response\"><p role=\"status\" aria-live=\"polite\" aria-atomic=\"true\"><\/p> <ul><\/ul><\/div>\n<form action=\"\/index.php\/wp-json\/wp\/v2\/pages\/5#wpcf7-f52-o1\" method=\"post\" class=\"wpcf7-form init\" aria-label=\"Formulaire de contact\" novalidate=\"novalidate\" data-status=\"init\">\n<div style=\"display: none;\">\n<input type=\"hidden\" name=\"_wpcf7\" value=\"52\" \/>\n<input type=\"hidden\" name=\"_wpcf7_version\" value=\"6.0.3\" \/>\n<input type=\"hidden\" name=\"_wpcf7_locale\" value=\"fr_FR\" \/>\n<input type=\"hidden\" name=\"_wpcf7_unit_tag\" value=\"wpcf7-f52-o1\" \/>\n<input type=\"hidden\" name=\"_wpcf7_container_post\" value=\"0\" \/>\n<input type=\"hidden\" name=\"_wpcf7_posted_data_hash\" value=\"\" \/>\n<input type=\"hidden\" name=\"_wpcf7_recaptcha_response\" value=\"\" \/>\n<\/div>\n<p><label> Votre nom<br \/>\n<span class=\"wpcf7-form-control-wrap\" data-name=\"your-name\"><input size=\"40\" maxlength=\"400\" class=\"wpcf7-form-control wpcf7-text wpcf7-validates-as-required\" autocomplete=\"name\" aria-required=\"true\" aria-invalid=\"false\" value=\"\" type=\"text\" name=\"your-name\" \/><\/span> <\/label>\n<\/p>\n<p><label> Votre e-mail<br \/>\n<span class=\"wpcf7-form-control-wrap\" data-name=\"your-email\"><input size=\"40\" maxlength=\"400\" class=\"wpcf7-form-control wpcf7-email wpcf7-validates-as-required wpcf7-text wpcf7-validates-as-email\" autocomplete=\"email\" aria-required=\"true\" aria-invalid=\"false\" value=\"\" type=\"email\" name=\"your-email\" \/><\/span> <\/label>\n<\/p>\n<p><label> Objet<br \/>\n<span class=\"wpcf7-form-control-wrap\" data-name=\"your-subject\"><input size=\"40\" maxlength=\"400\" class=\"wpcf7-form-control wpcf7-text wpcf7-validates-as-required\" aria-required=\"true\" aria-invalid=\"false\" value=\"\" type=\"text\" name=\"your-subject\" \/><\/span> <\/label>\n<\/p>\n<p><label> Votre message<br \/>\n<span class=\"wpcf7-form-control-wrap\" data-name=\"your-message\"><textarea cols=\"40\" rows=\"10\" maxlength=\"2000\" class=\"wpcf7-form-control wpcf7-textarea\" aria-invalid=\"false\" name=\"your-message\"><\/textarea><\/span> <\/label>\n<\/p>\n<p><label> recaptcha<br \/>\n\t<span class=\"wpcf7-form-control-wrap recaptcha\" data-name=\"recaptcha\"><span data-sitekey=\"6LfnHGsqAAAAAFgJiXmblte8foCFCLtME_gQru3F\" class=\"wpcf7-form-control wpcf7-recaptcha g-recaptcha\"><\/span>\r\n<noscript>\r\n\t<div class=\"grecaptcha-noscript\">\r\n\t\t<iframe loading=\"lazy\" src=\"https:\/\/www.google.com\/recaptcha\/api\/fallback?k=6LfnHGsqAAAAAFgJiXmblte8foCFCLtME_gQru3F\" frameborder=\"0\" scrolling=\"no\" width=\"310\" height=\"430\">\r\n\t\t<\/iframe>\r\n\t\t<textarea name=\"g-recaptcha-response\" rows=\"3\" cols=\"40\" placeholder=\"reCaptcha Response Here\">\r\n\t\t<\/textarea>\r\n\t<\/div>\r\n<\/noscript>\r\n<\/span><br \/>\n<\/label>\n<\/p>\n<p><input class=\"wpcf7-form-control wpcf7-submit has-spinner\" type=\"submit\" value=\"Envoyer\" \/>\n<\/p><div class=\"wpcf7-response-output\" aria-hidden=\"true\"><\/div>\n<\/form>\n<\/div>\n<\/div><\/div> <\/div><\/div> <\/div><\/div><!-- \/wp:extendstudio\/materialis-->","protected":false},"excerpt":{"rendered":"<p>L\u2019exp\u00e9rience Colab Stars Nos mots clefs :agilit\u00e9 et innovation&nbsp;tout est dit !\ufeff Oubliez les formations o\u00f9 bailler et regarder l\u2019heure sont les deux choses qui remplissent la journ\u00e9e. Colab Stars vous plonge au coeur d\u2019une startup en d\u00e9velopement pendant 1 ou 2 semaines. Vous devenez une partie du moteur de l\u2019\u00e9quipe et retrouvez les frissons&nbsp;&hellip;<\/p>\n","protected":false},"author":1,"featured_media":0,"parent":0,"menu_order":0,"comment_status":"closed","ping_status":"closed","template":"page-templates\/homepage.php","meta":{"footnotes":""},"class_list":["post-5","page","type-page","status-publish","hentry"],"_links":{"self":[{"href":"https:\/\/colabstars.com\/index.php\/wp-json\/wp\/v2\/pages\/5","targetHints":{"allow":["GET"]}}],"collection":[{"href":"https:\/\/colabstars.com\/index.php\/wp-json\/wp\/v2\/pages"}],"about":[{"href":"https:\/\/colabstars.com\/index.php\/wp-json\/wp\/v2\/types\/page"}],"author":[{"embeddable":true,"href":"https:\/\/colabstars.com\/index.php\/wp-json\/wp\/v2\/users\/1"}],"replies":[{"embeddable":true,"href":"https:\/\/colabstars.com\/index.php\/wp-json\/wp\/v2\/comments?post=5"}],"version-history":[{"count":23,"href":"https:\/\/colabstars.com\/index.php\/wp-json\/wp\/v2\/pages\/5\/revisions"}],"predecessor-version":[{"id":263,"href":"https:\/\/colabstars.com\/index.php\/wp-json\/wp\/v2\/pages\/5\/revisions\/263"}],"wp:attachment":[{"href":"https:\/\/colabstars.com\/index.php\/wp-json\/wp\/v2\/media?parent=5"}],"curies":[{"name":"wp","href":"https:\/\/api.w.org\/{rel}","templated":true}]}}