{"id":228,"date":"2023-03-23T10:01:26","date_gmt":"2023-03-23T09:01:26","guid":{"rendered":"http:\/\/colabstars.com\/?page_id=228"},"modified":"2023-03-23T10:13:29","modified_gmt":"2023-03-23T09:13:29","slug":"contact","status":"publish","type":"page","link":"https:\/\/colabstars.com\/index.php\/contact\/","title":{"rendered":"CONTACT"},"content":{"rendered":"<div  data-label=\"Contact\" data-id=\"contact--3\" data-export-id=\"contact-1-materialis\" data-category=\"contact\" class=\"contact-1-materialis content-section content-section-spacing-large no-padding-bottom content-relative\" data-parallax-depth=\"20\" id=\"contact-3\" style=\"background-color: rgb(255, 255, 255);\"><div  class=\"gridContainer\"> <div  class=\"row\"><div  class=\"section-title-col\" data-type=\"column\"> <h2  class=\"\">On Echange ?<\/h2> <p  class=\"lead\">Nous sommes r\u00e9actif dans nos r\u00e9ponses ! N\u2019h\u00e9sitez pas \u00e0 nous \u00e9crire.<\/p><\/div> <\/div> <div  class=\"row text-center\"> <div  class=\"col-xs-12 col-sm-8 col-sm-offset-2 contact-form-wrapper\"> <div  class=\"box-padding-lr-small\"> <div  class=\"\" data-content-shortcode=\"materialis_contact_form shortcode=&quot;contact-form-7 id=&amp;amp;quot;52&amp;amp;quot; title=&amp;amp;quot;Formulaire de contact 1&amp;amp;quot;&quot;\" data-editable=\"true\">\n<div class=\"wpcf7 no-js\" id=\"wpcf7-f52-o1\" lang=\"fr-FR\" dir=\"ltr\" data-wpcf7-id=\"52\">\n<div class=\"screen-reader-response\"><p role=\"status\" aria-live=\"polite\" aria-atomic=\"true\"><\/p> <ul><\/ul><\/div>\n<form action=\"\/index.php\/wp-json\/wp\/v2\/pages\/228#wpcf7-f52-o1\" method=\"post\" class=\"wpcf7-form init\" aria-label=\"Formulaire de contact\" novalidate=\"novalidate\" data-status=\"init\">\n<div style=\"display: none;\">\n<input type=\"hidden\" name=\"_wpcf7\" value=\"52\" \/>\n<input type=\"hidden\" name=\"_wpcf7_version\" value=\"6.0.3\" \/>\n<input type=\"hidden\" name=\"_wpcf7_locale\" value=\"fr_FR\" \/>\n<input type=\"hidden\" name=\"_wpcf7_unit_tag\" value=\"wpcf7-f52-o1\" \/>\n<input type=\"hidden\" name=\"_wpcf7_container_post\" value=\"0\" \/>\n<input type=\"hidden\" name=\"_wpcf7_posted_data_hash\" value=\"\" \/>\n<input type=\"hidden\" name=\"_wpcf7_recaptcha_response\" value=\"\" \/>\n<\/div>\n<p><label> Votre nom<br \/>\n<span class=\"wpcf7-form-control-wrap\" data-name=\"your-name\"><input size=\"40\" maxlength=\"400\" class=\"wpcf7-form-control wpcf7-text wpcf7-validates-as-required\" autocomplete=\"name\" aria-required=\"true\" aria-invalid=\"false\" value=\"\" type=\"text\" name=\"your-name\" \/><\/span> <\/label>\n<\/p>\n<p><label> Votre e-mail<br \/>\n<span class=\"wpcf7-form-control-wrap\" data-name=\"your-email\"><input size=\"40\" maxlength=\"400\" class=\"wpcf7-form-control wpcf7-email wpcf7-validates-as-required wpcf7-text wpcf7-validates-as-email\" autocomplete=\"email\" aria-required=\"true\" aria-invalid=\"false\" value=\"\" type=\"email\" name=\"your-email\" \/><\/span> <\/label>\n<\/p>\n<p><label> Objet<br \/>\n<span class=\"wpcf7-form-control-wrap\" data-name=\"your-subject\"><input size=\"40\" maxlength=\"400\" class=\"wpcf7-form-control wpcf7-text wpcf7-validates-as-required\" aria-required=\"true\" aria-invalid=\"false\" value=\"\" type=\"text\" name=\"your-subject\" \/><\/span> <\/label>\n<\/p>\n<p><label> Votre message<br \/>\n<span class=\"wpcf7-form-control-wrap\" data-name=\"your-message\"><textarea cols=\"40\" rows=\"10\" maxlength=\"2000\" class=\"wpcf7-form-control wpcf7-textarea\" aria-invalid=\"false\" name=\"your-message\"><\/textarea><\/span> <\/label>\n<\/p>\n<p><label> recaptcha<br \/>\n\t<span class=\"wpcf7-form-control-wrap recaptcha\" data-name=\"recaptcha\"><span data-sitekey=\"6LfnHGsqAAAAAFgJiXmblte8foCFCLtME_gQru3F\" class=\"wpcf7-form-control wpcf7-recaptcha g-recaptcha\"><\/span>\r\n<noscript>\r\n\t<div class=\"grecaptcha-noscript\">\r\n\t\t<iframe loading=\"lazy\" src=\"https:\/\/www.google.com\/recaptcha\/api\/fallback?k=6LfnHGsqAAAAAFgJiXmblte8foCFCLtME_gQru3F\" frameborder=\"0\" scrolling=\"no\" width=\"310\" height=\"430\">\r\n\t\t<\/iframe>\r\n\t\t<textarea name=\"g-recaptcha-response\" rows=\"3\" cols=\"40\" placeholder=\"reCaptcha Response Here\">\r\n\t\t<\/textarea>\r\n\t<\/div>\r\n<\/noscript>\r\n<\/span><br \/>\n<\/label>\n<\/p>\n<p><input class=\"wpcf7-form-control wpcf7-submit has-spinner\" type=\"submit\" value=\"Envoyer\" \/>\n<\/p><div class=\"wpcf7-response-output\" aria-hidden=\"true\"><\/div>\n<\/form>\n<\/div>\n<\/div><\/div> <\/div><\/div> <\/div> <div  class=\" map-container padding-bottom-80\"> <div  class=\"gridContainer\"> <div  class=\"row content-left-sm\"> <div  class=\"col-xs-12 col-sm-6\" data-type=\"column\">   <div  class=\"social-icons-group col-xs-12 col-sm-fit col-no-padding\" data-type=\"group\"> <a href=\"#\" target=\"_self\" data-reiki-hidden=\"true\" rel=\"noopener\"> <i  class=\"mdi social-icon mdi-facebook color-gray\"><\/i><\/a> <a href=\"#\" target=\"_self\" data-reiki-hidden=\"true\" rel=\"noopener\"><i  class=\"mdi social-icon mdi-twitter color-gray\"><\/i><\/a> <a href=\"#\" target=\"_self\" data-reiki-hidden=\"true\" rel=\"noopener\"><i  class=\"mdi social-icon mdi-instagram color-gray\"><\/i><\/a> <a href=\"#\" target=\"_self\" data-reiki-hidden=\"true\" rel=\"noopener\"><i  class=\"mdi social-icon mdi-rss color-gray\"><\/i><\/a> <\/div><\/div> <div  class=\"col-xs-12 col-sm-6\"><div  class=\"row space-top\"> <div  class=\"col-xs-12 col-sm-6 space-bottom-xs\" data-type=\"column\"> <\/div> <div  class=\"col-xs-12 col-sm-6\" data-type=\"column\"><p  class=\"\">Tel: +336695851704<\/p> <\/div> <\/div><\/div> <\/div><\/div> <\/div><\/div>","protected":false},"excerpt":{"rendered":"","protected":false},"author":1,"featured_media":0,"parent":0,"menu_order":0,"comment_status":"closed","ping_status":"closed","template":"pro\/page-templates\/full-width-page.php","meta":{"footnotes":""},"class_list":["post-228","page","type-page","status-publish","hentry"],"_links":{"self":[{"href":"https:\/\/colabstars.com\/index.php\/wp-json\/wp\/v2\/pages\/228","targetHints":{"allow":["GET"]}}],"collection":[{"href":"https:\/\/colabstars.com\/index.php\/wp-json\/wp\/v2\/pages"}],"about":[{"href":"https:\/\/colabstars.com\/index.php\/wp-json\/wp\/v2\/types\/page"}],"author":[{"embeddable":true,"href":"https:\/\/colabstars.com\/index.php\/wp-json\/wp\/v2\/users\/1"}],"replies":[{"embeddable":true,"href":"https:\/\/colabstars.com\/index.php\/wp-json\/wp\/v2\/comments?post=228"}],"version-history":[{"count":3,"href":"https:\/\/colabstars.com\/index.php\/wp-json\/wp\/v2\/pages\/228\/revisions"}],"predecessor-version":[{"id":238,"href":"https:\/\/colabstars.com\/index.php\/wp-json\/wp\/v2\/pages\/228\/revisions\/238"}],"wp:attachment":[{"href":"https:\/\/colabstars.com\/index.php\/wp-json\/wp\/v2\/media?parent=228"}],"curies":[{"name":"wp","href":"https:\/\/api.w.org\/{rel}","templated":true}]}}