{"id":129,"date":"2023-03-20T10:07:03","date_gmt":"2023-03-20T09:07:03","guid":{"rendered":"http:\/\/colabstars.com\/?page_id=129"},"modified":"2025-01-29T16:41:03","modified_gmt":"2025-01-29T15:41:03","slug":"nos-immersions","status":"publish","type":"page","link":"https:\/\/colabstars.com\/index.php\/nos-immersions\/","title":{"rendered":"NOS IMMERSIONS"},"content":{"rendered":"<!-- wp:extendstudio\/materialis--><div  data-label=\"Cta\" data-id=\"cta--1\" data-export-id=\"cta-blue-section\" data-category=\"cta\" class=\"cta-blue-section content-section content-section-spacing-large bg-color1 white-text\" id=\"cta-1\"><div  class=\"gridContainer\"> <div  class=\"row middle-xs\"><div  class=\"col-xs-12 col-sm-7 col-md-8 space-bottom-xs\" data-type=\"column\"> <h2  class=\"\"><b >Contactez-nous !<\/b> <span  class=\"font-300\">Les raisons pour faire vivre \u00e0 vos collaborateurs une ou deux semaines en immersion sont nombreuses !<\/span><\/h2> <\/div> <div  class=\"col-xs-12 col-sm-5 col-md-4\" data-type=\"column\"> <a  class=\"button big null color2 mdc-ripple-upgraded\" href=\"#\" target=\"_self\" data-cp-link=\"1\" data-icon=\"\" rel=\"noopener\">T\u00e9l\u00e9chargez la brochure<\/a><\/div> <\/div><\/div> <\/div><!-- \/wp:extendstudio\/materialis--><!-- wp:extendstudio\/materialis--><div  data-label=\"Features\" data-id=\"features--1\" data-export-id=\"features-1-materialis\" data-category=\"features\" class=\"features-1m content-section content-section-spacing-large\" id=\"features-1\" style=\"background-color: rgb(245, 250, 253);\"><div  class=\"gridContainer\"> <div  class=\"row text-center\"><div  class=\"section-title-col\" data-type=\"column\"> <h2  class=\"\">REUSSIR LE LANCEMENT DE SON PROJET OU DE SON SERVICE<\/h2> <p  class=\"\">Nos immersions en startups sont faites pour plonger au coeur du lancement d\u2019un projet en \u00e9bulition. Les grandes entreprises ont besoin d\u2019innovation pour survivre. Nous formons vos futurs intrapreneurs&nbsp;<\/p><\/div> <\/div> <div  class=\"row top-xs space-top-small content-center-sm\" data-type=\"row\"> <div  class=\"col-md-4 col-sm-4 col-xs-12 space-bottom\" data-type=\"column\"> <i  class=\"mdi icon mdi-clipboard-outline reverse round big color1\"><\/i> <h4  class=\"\">Value proposition design<\/h4> <p  class=\"\">Savoir formaliser ses id\u00e9es et comprendre les fondements clefs d\u2019un projet. La proposition de valeur est essentielle pour lancer un projet innovant.<\/p><\/div> <div  class=\"col-md-4 col-sm-4 col-xs-12 space-bottom\" data-type=\"column\"><i  class=\"mdi icon mdi-shape-square-plus reverse round big color1\"><\/i> <h4  class=\"\">Business Model Canvas<\/h4> <p  class=\"\">Savoir structurer un projet financier, r\u00e9fl\u00e9chir aux partenariats clefs, \u00e0 la logistique et aux diff\u00e9rentes approches clients possibles.<\/p><\/div> <div  class=\"col-md-4 col-sm-4 col-xs-12 space-bottom\" data-type=\"column\"><i  class=\"mdi icon mdi-presentation-play reverse round big color1\"><\/i> <h4  class=\"\">Le storytelling<\/h4> <p  class=\"\">D\u00e9velopper des comp\u00e9tences en pitch, savoir s\u00e9duire, convaincre. Rien n\u2019est plus dure que d\u2019expliquer simplement une id\u00e9e.<\/p><\/div> <\/div><\/div> <\/div><!-- \/wp:extendstudio\/materialis--><!-- wp:extendstudio\/materialis--><div  data-label=\"Overlappable\" data-id=\"overlappable--1\" data-export-id=\"overlappable-3\" data-category=\"overlappable\" class=\"overlappable-3 content-section content-section-spacing-large\" data-overlap=\"true\" id=\"overlappable-1\" style=\"background-color: rgb(255, 255, 255);\"><div  class=\"gridContainer\"> <div  class=\"row bg-color-white mdc-elevation--z5\"><div  class=\"col-xs-12 col-sm-6 image-col\" data-size=\"600x400\" data-bg=\"image\" style=\"background-image: url(&quot;http:\/\/colabstars.com\/wp-content\/uploads\/2023\/03\/cropped-635809824922215243-AP-BACK-TO-THE-FUTURE-DAY-76890712-1-scaled-1.webp&quot;);\"><\/div> <div  class=\"col-xs-12 col-sm-6 content-col col-padding \"> <div  class=\"col-padding\" data-type=\"column\"> <h4  class=\"\">DEVELOPPEMENT AGILE<\/h4> <p  class=\"\">D\u00e9couvrir les fondamentaux de la gestion de projet agile pour le lancement d\u2019un nouveau projet ou pour fluidifier vos processus existants (scrum, SAFe, X). Savoir d\u00e9velopper l\u2019efficacit\u00e9 op\u00e9rationnelle et l\u2019am\u00e9lioration continue (lean). Pouvoir Innover avec le Design Thinking et s\u2019adapter en permanence.<\/p> <a  class=\"button null color1 mdc-ripple-upgraded\" href=\"http:\/\/colabstars.com\/index.php\/nos-partenaires\" target=\"_self\" data-cp-link=\"1\" data-icon=\"\" rel=\"noopener\">DECOUVRER NOS PARTENAIRES<\/a><\/div> <\/div><\/div> <div  class=\"row bg-color-white mdc-elevation--z5\"><div  class=\"col-xs-12 col-sm-6 content-col col-padding \"> <div  class=\"col-padding\" data-type=\"column\"><h4  class=\"\">COMPRENDRE L\u2019INNOVATION<\/h4> <p  class=\"\">Savoir g\u00e9rer un projet dans un environnement incertain et complexe est une habilit\u00e9 rare. Il faut l\u2019avoir v\u00e9cue de l\u2019int\u00e9rieur pour se rendre compte qu\u2019innover est difficile, excitant et frustant \u00e0 la fois. Nous proposons des formations dans des environnements innovants.&nbsp; &nbsp;<\/p> <a  class=\"button null mdc-ripple-upgraded color1\" href=\"http:\/\/colabstars.com\/index.php\/contact\" target=\"_self\" data-cp-link=\"1\" data-icon=\"\" rel=\"noopener\">CONTACTEZ-NOUS<\/a><\/div> <\/div> <div  data-size=\"600x400\" class=\"col-xs-12 col-sm-6 image-col2 first-xs last-sm\" data-bg=\"image\" style=\"background-image: url(&quot;http:\/\/colabstars.com\/wp-content\/uploads\/2023\/03\/cropped-BTTF2-1.jpeg&quot;);\"><\/div> <\/div><\/div> <\/div><!-- \/wp:extendstudio\/materialis--><!-- wp:extendstudio\/materialis--><div  data-label=\"Content\" data-id=\"content--1\" data-export-id=\"content-18-materialis\" data-category=\"content\" class=\"content-18m content-section content-section-spacing-large\" id=\"content-1\" style=\"background-color: rgb(245, 250, 253); background-image: none;\"><div > <div  class=\"row middle-xs\"><div  class=\"col-md-5 col-xs-12 col-sm-6 bag-image mdc-elevation--z0\" data-bg=\"image\" style=\"background-image: url(&quot;http:\/\/colabstars.com\/wp-content\/uploads\/2023\/03\/cropped-cropped-021015THR_SiliconValleySetVisit664-2.jpeg&quot;);\"><\/div> <div  class=\"col-md-5 col-md-offset-1 col-xs-12 col-sm-6 content-left-sm col-padding\"> <div  class=\"row\"> <div  class=\"col-xs-12\" data-type=\"column\"> <h6  class=\"\">Plonger dans l\u2019entreprenariat<\/h6> <h3  class=\"\">Les apprentissages de l\u2019exp\u00e9rience Colab Stars&nbsp;<\/h3> <p  class=\"\">Nos formations en immersions permettent de cultiver un esprit de startups et d\u2019exp\u00e9rimenter un environnement de travail exceptionnel. C\u2019est en \u00e9tant en immersion que l\u2019on peut voir, vivre et retenir une exp\u00e9rience v\u00e9ritable.&nbsp;<\/p><\/div> <\/div> <div  class=\"row middle-xs space-bottom-small space-top spaced-cols\" data-type=\"row\" data-max-items=\"3\"> <div  class=\"col-md-6 col-sm-6 col-xs-12\" data-type=\"column\"> <i  class=\"mdi icon mdi-database small color1 bordered round\"><\/i> <h5  class=\"\">QVT<\/h5> <p  class=\"\" style=\"text-align: justify;\">Se sentir bien au travail est clef: Nous aidons \u00e0 renforcer la communication et la coh\u00e9sion des \u00e9quipes. Mieux se conna\u00eetre pour mieux collaborer. Il faut&nbsp;apprendre \u00e0 sortir des situations conflictuelles et \u00e0 collaborer en circuit court.<\/p><\/div> <div  class=\"col-md-6 col-sm-6 col-xs-12\" data-type=\"column\"><i  class=\"mdi icon mdi-human-handsup bordered round small color1\"><\/i> <h5  class=\"\">Management<\/h5> <p  class=\"\" style=\"text-align: justify;\">Un entrepenreur sait engager ses \u00e9quipes et d\u00e9velopper le sentiment d\u2019appartenance. Savoir adopter la posture de facilitateur d\u2019intelligence collective fait partie int\u00e9grante de nos formations. Il faut apprendre \u00e0 mener \u00e0 bien la conduite du changement.<\/p><\/div> <div  class=\"col-md-6 col-sm-6 col-xs-12\" data-type=\"column\"><i  class=\"mdi icon mdi-database small color1 bordered round\"><\/i> <h5  class=\"\">Performance<\/h5> <p  class=\"\" style=\"text-align: justify;\">S\u2019adapter au changement des modes de consommation de clients finaux devenus multi-canaux et tr\u00e8s orient\u00e9s satisfaction client est aujourd\u2019hui une n\u00e9cessit\u00e9. Il fait savoir placer l\u2019utilisateur au coeur de la conception de son site et les startups sont des expertes pour \u00e7a.<\/p><\/div> <div  class=\"col-md-6 col-sm-6 col-xs-12\" data-type=\"column\"><i  class=\"mdi icon mdi-database small color1 bordered round\"><\/i> <h5  class=\"\">Sens des responsabilit\u00e9s<\/h5> <p  class=\"\">Prendre conscience de l\u2019importance de la fragilit\u00e9 d\u2019une entreprise est clef pour la survie de cette derni\u00e8re. Trop de cadres perdent confiance en leur entreprise et ne se battent plus pour la faire cro\u00eetre. En startup, la survie est un sujet quasiment quotidien.<\/p><\/div> <\/div><\/div> <\/div><\/div> <\/div><!-- \/wp:extendstudio\/materialis--><!-- CloudPress Companion Preview Data START -->","protected":false},"excerpt":{"rendered":"<p>Contactez-nous ! Les raisons pour faire vivre \u00e0 vos collaborateurs une ou deux semaines en immersion sont nombreuses ! T\u00e9l\u00e9chargez la brochure REUSSIR LE LANCEMENT DE SON PROJET OU DE SON SERVICE Nos immersions en startups sont faites pour plonger au coeur du lancement d\u2019un projet en \u00e9bulition. Les grandes entreprises ont besoin d\u2019innovation pour&nbsp;&hellip;<\/p>\n","protected":false},"author":1,"featured_media":0,"parent":0,"menu_order":0,"comment_status":"closed","ping_status":"closed","template":"pro\/page-templates\/full-width-page.php","meta":{"footnotes":""},"class_list":["post-129","page","type-page","status-publish","hentry"],"_links":{"self":[{"href":"https:\/\/colabstars.com\/index.php\/wp-json\/wp\/v2\/pages\/129","targetHints":{"allow":["GET"]}}],"collection":[{"href":"https:\/\/colabstars.com\/index.php\/wp-json\/wp\/v2\/pages"}],"about":[{"href":"https:\/\/colabstars.com\/index.php\/wp-json\/wp\/v2\/types\/page"}],"author":[{"embeddable":true,"href":"https:\/\/colabstars.com\/index.php\/wp-json\/wp\/v2\/users\/1"}],"replies":[{"embeddable":true,"href":"https:\/\/colabstars.com\/index.php\/wp-json\/wp\/v2\/comments?post=129"}],"version-history":[{"count":11,"href":"https:\/\/colabstars.com\/index.php\/wp-json\/wp\/v2\/pages\/129\/revisions"}],"predecessor-version":[{"id":253,"href":"https:\/\/colabstars.com\/index.php\/wp-json\/wp\/v2\/pages\/129\/revisions\/253"}],"wp:attachment":[{"href":"https:\/\/colabstars.com\/index.php\/wp-json\/wp\/v2\/media?parent=129"}],"curies":[{"name":"wp","href":"https:\/\/api.w.org\/{rel}","templated":true}]}}