{"id":127,"date":"2023-03-20T10:06:19","date_gmt":"2023-03-20T09:06:19","guid":{"rendered":"http:\/\/colabstars.com\/?page_id=127"},"modified":"2025-01-29T17:24:14","modified_gmt":"2025-01-29T16:24:14","slug":"financer-vote-formation","status":"publish","type":"page","link":"https:\/\/colabstars.com\/index.php\/financer-vote-formation\/","title":{"rendered":"FINANCER VOTRE FORMATION"},"content":{"rendered":"<!-- wp:extendstudio\/materialis--><div  data-label=\"About\" data-id=\"about--1\" data-export-id=\"about-1\" data-category=\"about\" class=\"about-1 content-section content-section-spacing-large\" id=\"about-1\" style=\"background-color: rgb(255, 255, 255);\"><div  class=\"gridContainer\"> <div  class=\"row col-xs-12\"><div  class=\"section-title-col\" data-type=\"column\"> <h5  class=\"\">COMMENT FINANCER MA FORMATION ?<\/h5> <h2  class=\"\">L\u2019\u00e9tat a mis une priorit\u00e9 sur&nbsp;\n<br ><span  href=\"#\" style=\"font-weight: 700; font-family: Roboto, arial, helvetica, sans-serif; font-style: italic;\">la formation professionnelle<\/span>&nbsp;\n<br >et des moyens pour la financer<\/h2> <p  class=\"lead\"><span style=\"font-style: italic; font-weight: 400;\" >Nous vous pr\u00e9sentons 3 dispositifs qui permettent de suivre nos formations en startup sans que vous n\u2019ayez \u00e0 d\u00e9bourser le moindre euros. Tout est pris en charge par un organisme d\u00e9di\u00e9.<\/span>&nbsp;<\/p><\/div> <\/div> <div  class=\"row col-xs-12\"> <div  class=\"button-holder space-bottom space-bottom-small\" data-type=\"column\"> <a  class=\"button font-500 big null color1 mdc-ripple-upgraded\" href=\"https:\/\/travail-emploi.gouv.fr\/formation-professionnelle\" target=\"_self\" data-cp-link=\"1\" data-icon=\"\" rel=\"noopener\">EN SAVOIR PLUS<\/a><\/div> <div  class=\"col-xs bottom-xs flexbox image-group-bottom-3-img center-xs\"> <img  decoding=\"async\" class=\"left-img mdc-elevation--z10 rounded-topleft-topright\" data-size=\"400x275\" src=\"http:\/\/colabstars.com\/wp-content\/uploads\/2023\/03\/cropped-pexels-photo-7289708.jpeg\"> <img  decoding=\"async\" class=\"center-img mdc-elevation--z10 rounded-topleft-topright\" data-size=\"500x325\" src=\"http:\/\/colabstars.com\/wp-content\/uploads\/2023\/03\/cropped-cropped-cropped-Centre-de-coworking-5-bonnes-raisons-dy-demarrer-votre-startup.jpeg\"> <img  decoding=\"async\" class=\"right-img mdc-elevation--z10 rounded-topleft-topright\" data-size=\"400x275\" src=\"http:\/\/colabstars.com\/wp-content\/uploads\/2023\/03\/cropped-gettyimages-tinc-silicon-valley-1920.webp\"><\/div> <\/div><\/div> <\/div><!-- \/wp:extendstudio\/materialis--><!-- CloudPress Companion Preview Data START --><!-- wp:extendstudio\/materialis--><div  data-label=\"Overlappable\" data-id=\"overlappable--1\" data-export-id=\"overlappable-5-materialis\" data-category=\"overlappable\" class=\"overlappable-5-materialis content-section content-section-spacing-large\" data-overlap=\"true\" id=\"overlappable-1\" style=\"background-color: rgb(255, 255, 255);\"><div  class=\"gridContainer\"> <div  data-type=\"row\" class=\"row spaced-cols \"><div  class=\"col-xs-12 col-sm-6 col-md-4 \"> <div  class=\"card mdc-elevation--z3 row-card\"><div  class=\"row\"> <div  class=\"col-xs-12 col-sm-fit icon-col\" data-fixed=\"true\"><i  class=\"icon mdi mdi-account-box-outline reverse round big color1\"><\/i><\/div> <div  class=\"col-xs-12 col-sm\" data-type=\"column\"><h4  class=\"color-black\">PDC<\/h4> <p  class=\"\" style=\"text-align: justify;\">La plan de d\u00e9veloppement de comp\u00e9tences dont l\u2019AFEST, permet \u00e0 l&#8217;entreprise, quelle que soit sa taille, d\u2019accompagner leurs salari\u00e9s en assurant leurs adaptations \u00e0 leur poste de travail et en leur permettant d\u2019\u00e9voluer.<\/p><\/div> <\/div><\/div> <\/div> <div  class=\"col-xs-12 col-sm-6 col-md-4 \"> <div  class=\"card mdc-elevation--z3 row-card\"> <div  class=\"row\"> <div  class=\"col-xs-12 col-sm-fit icon-col\" data-fixed=\"true\"> <i  class=\"icon mdi mdi-account-search reverse round big color1\"><\/i><\/div> <div  class=\"col-xs-12 col-sm\" data-type=\"column\"><h4  class=\"color-black\">CTP<\/h4> <p  class=\"\" style=\"text-align: justify;\">Le cong\u00e9 de transition professionnelle permet au salari\u00e9 de financer une formation qualifiante pour \u00e9voluer dans sa carri\u00e8re ou changer de m\u00e9tier, et pouvoir r\u00e9aliser une reconversion professionnelle.<\/p><\/div> <\/div><\/div> <\/div> <div  class=\"col-xs-12 col-sm-6 col-md-4 \"> <div  class=\"card mdc-elevation--z3 row-card\"> <div  class=\"row\"> <div  class=\"col-xs-12 col-sm-fit icon-col\" data-fixed=\"true\"> <i  class=\"icon mdi mdi-account-settings-variant reverse round big color1\"><\/i><\/div> <div  class=\"col-xs-12 col-sm\" data-type=\"column\"><h4  class=\"color-black\">CPF<\/h4> <p  class=\"\" style=\"text-align: justify;\">Le Compte Personnel de Formation permet \u00e0 tout travailleur d\u2019acqu\u00e9rir des droits \u00e0 la formation. Les droits acquis ne sont pas perdus et peuvent \u00eatre mobilis\u00e9s \u00e0 tout instant. A vous de consulter votre compte.<\/p><\/div> <\/div><\/div> <\/div><\/div> <\/div><\/div><!-- \/wp:extendstudio\/materialis--><!-- wp:extendstudio\/materialis--><div  data-label=\"About\" data-id=\"about--2\" data-export-id=\"about-10\" data-category=\"about\" class=\"about-10 content-section content-section-spacing-large\" id=\"about-2\" style=\"background-color: rgb(245, 250, 253);\"><div  class=\"gridContainer\"> <div  class=\"row middle-sm text-center\"><div  class=\"col-sm-5 space-bottom-xs content-column\" data-type=\"column\"> <h5  class=\"\">FOCUS SUR l\u2019AFEST<\/h5> <h2  class=\"\">C\u2019est la formule<br > <span  style=\"font-family: Roboto, arial, helvetica, sans-serif; font-weight: 700; font-style: italic;\" href=\"#\">la plus adapt\u00e9e<\/span> \n<br >pour suivre nos formations<\/h2> <p  class=\"\" style=\"text-align: justify;\">Il est possible de r\u00e9aliser des formations en situation de travail avec le dispositif de l\u2019Afest.\n<br ><br >\nL\u2019objectif est de permettre aux entreprises, d\u2019accompagner leurs salari\u00e9s avec une formation adapt\u00e9e \u00e0 l\u2019\u00e9volution de leur poste de travail et en leur permettant d\u2019\u00e9voluer. Les actions de formations \u00e9ligibles au plan de d\u00e9veloppement des comp\u00e9tences sont des actions obligatoires ou n\u00e9cessaires pour acqu\u00e9rir de nouvelles comp\u00e9tences.<br ><br >\nLes actions obligatoires ou n\u00e9cessaires correspondent \u00e0 toute action permettant l\u2019acquisition de comp\u00e9tences utilisables dans le cadre des fonctions du salari\u00e9. Ces actions sont obligatoirement organis\u00e9es sur le temps de travail du salari\u00e9 avec maintien de sa r\u00e9mun\u00e9ration.\n<br ><br >\nLes autres actions de formations visent \u00e0 d\u00e9velopper des comp\u00e9tences que le salari\u00e9 n\u2019a pas acquis dans sa fonction et qui lui permettront de faire \u00e9voluer sa carri\u00e8re au sein ou en dehors de l\u2019entreprise. Ces actions sont organis\u00e9es sur le temps de travail avec maintien de la r\u00e9mun\u00e9ration ou peuvent \u00eatre organis\u00e9es en dehors du temps de travail, sous certaines conditions.\n<br ><br >\nToute entreprise verse une contribution unique aupr\u00e8s de l\u2019op\u00e9rateur de comp\u00e9tences dont elle d\u00e9pend (aux URSSAF), qui comprend la contribution \u00e0 la formation professionnelle et la taxe d\u2019apprentissage. Ce taux correspond \u00e0 0,55% de la masse salariale pour les entreprises ayant au plus 10 salari\u00e9s et 1% pour les entreprises ayant plus de 11 salari\u00e9s (1,3% pour les entreprises de travail temporaire). L\u2019entreprise peut \u00e9galement r\u00e9aliser un versement volontaire.\n<br ><br >\nLes actions de formation sont \u00e0 la charge de l\u2019entreprise (co\u00fbt de l\u2019action, r\u00e9mun\u00e9ration du salari\u00e9, frais annexes\u2026.). Elle peut cependant b\u00e9n\u00e9ficier de financements aupr\u00e8s de l\u2019OPCO sur les fonds mutualis\u00e9s de la contribution l\u00e9gale \u00e0 la formation.<\/p> <a  class=\"button null mdc-ripple-upgraded big color1\" href=\"https:\/\/colabstars.com\/index.php\/contact\" target=\"_self\" data-cp-link=\"1\" data-icon=\"\" rel=\"noopener\">NOUS CONTACTER<\/a><\/div> <div  class=\"col-sm-7 flexbox middle-xs center-xs\"><div  class=\"overlay-box middle-xs center-xs flexbox box-image\"> <div  class=\"overlay-box-offset offset-border mdc-elevation--z5 border-color1 hide-xs border-radius-8\"><\/div> <img  decoding=\"async\" class=\"mdc-elevation--z10 rounded max-image\" data-size=\"480x700\" src=\"http:\/\/colabstars.com\/wp-content\/uploads\/2023\/03\/cropped-pexels-photo-3747140.webp\"><\/div> <\/div><\/div> <\/div><\/div><!-- \/wp:extendstudio\/materialis-->","protected":false},"excerpt":{"rendered":"<p>COMMENT FINANCER MA FORMATION ? L\u2019\u00e9tat a mis une priorit\u00e9 sur&nbsp; la formation professionnelle&nbsp; et des moyens pour la financer Nous vous pr\u00e9sentons 3 dispositifs qui permettent de suivre nos formations en startup sans que vous n\u2019ayez \u00e0 d\u00e9bourser le moindre euros. Tout est pris en charge par un organisme d\u00e9di\u00e9.&nbsp; EN SAVOIR PLUS PDC&nbsp;&hellip;<\/p>\n","protected":false},"author":1,"featured_media":0,"parent":0,"menu_order":0,"comment_status":"closed","ping_status":"closed","template":"pro\/page-templates\/full-width-page.php","meta":{"footnotes":""},"class_list":["post-127","page","type-page","status-publish","hentry"],"_links":{"self":[{"href":"https:\/\/colabstars.com\/index.php\/wp-json\/wp\/v2\/pages\/127","targetHints":{"allow":["GET"]}}],"collection":[{"href":"https:\/\/colabstars.com\/index.php\/wp-json\/wp\/v2\/pages"}],"about":[{"href":"https:\/\/colabstars.com\/index.php\/wp-json\/wp\/v2\/types\/page"}],"author":[{"embeddable":true,"href":"https:\/\/colabstars.com\/index.php\/wp-json\/wp\/v2\/users\/1"}],"replies":[{"embeddable":true,"href":"https:\/\/colabstars.com\/index.php\/wp-json\/wp\/v2\/comments?post=127"}],"version-history":[{"count":10,"href":"https:\/\/colabstars.com\/index.php\/wp-json\/wp\/v2\/pages\/127\/revisions"}],"predecessor-version":[{"id":257,"href":"https:\/\/colabstars.com\/index.php\/wp-json\/wp\/v2\/pages\/127\/revisions\/257"}],"wp:attachment":[{"href":"https:\/\/colabstars.com\/index.php\/wp-json\/wp\/v2\/media?parent=127"}],"curies":[{"name":"wp","href":"https:\/\/api.w.org\/{rel}","templated":true}]}}